{"id":4653,"date":"2024-04-07T20:00:35","date_gmt":"2024-04-07T18:00:35","guid":{"rendered":"https:\/\/bnd.ngo\/qui-nous-sommes\/"},"modified":"2024-07-14T17:54:45","modified_gmt":"2024-07-14T15:54:45","slug":"qui-nous-sommes","status":"publish","type":"page","link":"https:\/\/ch.bnd.ngo\/fr\/qui-nous-sommes\/","title":{"rendered":"Qui nous sommes"},"content":{"rendered":"\n<p>Enfants dans le D\u00e9sert (BnD) est une <strong>Association<\/strong> fond\u00e9e en Suisse en juin 2023 en tant que spin-off d&rsquo;<a href=\"https:\/\/bnd.ngo\">Enfants dans le D\u00e9sert ETS<\/a>, une organisation active depuis l&rsquo;an 2000.<\/p>\n\n\n\n<p>Partageant les objectifs et les projets de l&rsquo;ONG dont nous sommes issus, nous nous consacrons avec passion et professionnalisme \u00e0 l&rsquo;am\u00e9lioration des conditions de vie des enfants et de leurs communaut\u00e9s d&rsquo;appartenance dans les contextes les plus difficiles ; partout o\u00f9 il y a un d\u00e9sert, qu&rsquo;il soit de sable, de pierre ou d&rsquo;opportunit\u00e9s.<\/p>\n\n\n\n<p>Faisant partie d&rsquo;une solide alliance d&rsquo;organisations humanitaires, Enfants dans le D\u00e9sert coordonne ses activit\u00e9s avec des structures affili\u00e9es en <strong>Italie<\/strong>, au <strong>Niger<\/strong> et en <strong>Ukraine<\/strong>.<br>Ces organisations ind\u00e9pendantes sont li\u00e9es, au-del\u00e0 du nom, par une mission commune et un <em>modus operandi<\/em> partag\u00e9, ax\u00e9 sur des interventions efficaces dans tous les secteurs de la <strong>Coop\u00e9ration Internationale<\/strong> et des <strong>Urgences Humanitaires<\/strong>.<\/p>\n\n\n\n<p>Ensemble, elles s&rsquo;engagent \u00e0 fournir des solutions concr\u00e8tes, tangibles et \u00e0 long terme dans les crises humanitaires et le d\u00e9veloppement durable des communaut\u00e9s les plus vuln\u00e9rables.<br>Les organisations faisant partie de l&rsquo;alliance op\u00e8rent selon des principes de <strong>neutralit\u00e9 politique<\/strong> et d&rsquo;<strong>ind\u00e9pendance religieuse<\/strong> ; cela garantit que les initiatives sont uniquement guid\u00e9es par les besoins r\u00e9els et le respect des droits humains universels.<br><br>Le soutien \u00e9conomique des activit\u00e9s provient de diverses sources, y compris des citoyens priv\u00e9s, des entit\u00e9s nationales et internationales, de grandes et petites entreprises, s\u00e9lectionn\u00e9es sur la base de leur responsabilit\u00e9 sociale d&rsquo;entreprise et qui s&rsquo;abstiennent de produire des armements tout en s&rsquo;engageant activement dans le respect des droits de leurs travailleurs.<br><br>Soutenir Enfants dans le D\u00e9sert signifie construire ensemble un avenir o\u00f9 chaque enfant peut grandir dans un environnement s\u00fbr, \u00e9ducatif et durable.<br>Rejoignez-nous pour faire la diff\u00e9rence dans la vie des enfants dans les d\u00e9serts du monde, qu&rsquo;ils soient r\u00e9els ou m\u00e9taphoriques.<\/p>\n","protected":false},"excerpt":{"rendered":"<p>Enfants dans le D\u00e9sert (BnD) est une Association fond\u00e9e en Suisse en juin 2023 en tant que spin-off d&rsquo;Enfants dans le D\u00e9sert ETS, une organisation active depuis l&rsquo;an 2000. Partageant les objectifs et les projets de l&rsquo;ONG dont nous sommes issus, nous nous consacrons avec passion et professionnalisme \u00e0 l&rsquo;am\u00e9lioration des conditions de vie des [&hellip;]<\/p>\n","protected":false},"author":1,"featured_media":2908,"parent":0,"menu_order":0,"comment_status":"closed","ping_status":"open","template":"page_timeline.php","meta":{"footnotes":""},"class_list":["post-4653","page","type-page","status-publish","has-post-thumbnail","hentry"],"_links":{"self":[{"href":"https:\/\/ch.bnd.ngo\/fr\/wp-json\/wp\/v2\/pages\/4653","targetHints":{"allow":["GET"]}}],"collection":[{"href":"https:\/\/ch.bnd.ngo\/fr\/wp-json\/wp\/v2\/pages"}],"about":[{"href":"https:\/\/ch.bnd.ngo\/fr\/wp-json\/wp\/v2\/types\/page"}],"author":[{"embeddable":true,"href":"https:\/\/ch.bnd.ngo\/fr\/wp-json\/wp\/v2\/users\/1"}],"replies":[{"embeddable":true,"href":"https:\/\/ch.bnd.ngo\/fr\/wp-json\/wp\/v2\/comments?post=4653"}],"version-history":[{"count":0,"href":"https:\/\/ch.bnd.ngo\/fr\/wp-json\/wp\/v2\/pages\/4653\/revisions"}],"wp:featuredmedia":[{"embeddable":true,"href":"https:\/\/ch.bnd.ngo\/fr\/wp-json\/"}],"wp:attachment":[{"href":"https:\/\/ch.bnd.ngo\/fr\/wp-json\/wp\/v2\/media?parent=4653"}],"curies":[{"name":"wp","href":"https:\/\/api.w.org\/{rel}","templated":true}]}}