{"id":4725,"date":"2024-05-09T12:06:59","date_gmt":"2024-05-09T10:06:59","guid":{"rendered":"https:\/\/bnd.ngo\/foire-aux-questions-faq\/"},"modified":"2024-08-05T15:41:44","modified_gmt":"2024-08-05T13:41:44","slug":"foire-aux-questions-faq","status":"publish","type":"page","link":"https:\/\/ch.bnd.ngo\/fr\/foire-aux-questions-faq\/","title":{"rendered":"Foire aux questions (FAQ)"},"content":{"rendered":"\n<div class=\"py-vh-5 w-100 overflow-hidden\" id=\"privacy-policy\">\r\n<div class=\"container my-5\">\r\n<div class=\"row d-flex justify-content-center\">\r\n<div class=\"col-12 col-md-10 col-xl-8\">\r\n<span class=\"h6 badge text-bg-light\" data-aos=\"fade-down\">Version 1.0.5, Ao\u00fbt 2024<\/span>\r\n<h2>Bienvenue dans notre section Foire Aux Questions !<\/h2>\r\n<p class=\"lead py-vh-2\">Nous sommes heureux de vous accueillir au c\u0153ur des informations les plus demand\u00e9es concernant notre organisation. Vous trouverez ici des r\u00e9ponses aux questions courantes qui pourraient surgir concernant notre mission, nos projets, les modalit\u00e9s de participation et bien plus encore.<br\/>Nous travaillons constamment pour am\u00e9liorer la vie des enfants et de leurs communaut\u00e9s, et nous croyons que la <a class=\"link-fancy\" href=\"\/transparence\" title=\"informez-vous sur notre transparence\">transparence<\/a> et la clart\u00e9 sont fondamentales pour notre engagement. Par cons\u00e9quent, si vous avez des questions auxquelles vous ne trouvez pas de r\u00e9ponses ici, n&rsquo;h\u00e9sitez pas \u00e0 nous <a class=\"link-fancy\" href=\"https:\/\/ch.bnd.ngo\/fr\/contacts\/\" title=\"contactez-nous\">contacter<\/a> directement.<br\/>Nous sommes l\u00e0 pour vous, pr\u00eats \u00e0 partager des informations et \u00e0 fournir un soutien.<br\/>Merci pour votre int\u00e9r\u00eat et pour le soutien que vous nous offrez dans notre parcours. Ensemble, nous pouvons continuer \u00e0 faire la diff\u00e9rence dans la vie de ceux qui en ont le plus besoin.<\/p>\r\n\r\n<div class=\"mt-4 d-flex justify-content-center\" data-aos=\"fade-down\" data-aos-delay=\"300\">\r\n\r\n\r\n\r\n<\/div>\r\n<\/div>  \r\n<\/div>\r\n\r\n<div class=\"row mx-5 d-flex align-items-start mt-2 pt-2\" data-aos=\"fade-up\">\r\n<div class=\"col-12 col-lg-10\">\r\n<span class=\"text-secondary\">01<\/span>\r\n<h2 class=\"mb-2\">Qui compose Bambini nel Deserto ?<\/h2>\r\n<p>Des citoyens suisses et \u00e9trangers r\u00e9sidant en Suisse ou \u00e0 l&rsquo;\u00e9tranger qui peuvent demander \u00e0 devenir Membre apr\u00e8s un an de b\u00e9n\u00e9volat avec Bambini nel Deserto.<\/p>\r\n<\/div>\r\n<\/div>\r\n\r\n<div class=\"row mx-5 d-flex align-items-start mt-2 pt-2\" data-aos=\"fade-up\">\r\n<div class=\"col-12 col-lg-10\">\r\n<span class=\"text-secondary\">02<\/span>\r\n<h2 class=\"mb-2\">Comment devient-on Membre de Bambini nel Deserto ?<\/h2>\r\n<p>Tous les citoyens majeurs, suisses et \u00e9trangers, r\u00e9sidant en Suisse ou \u00e0 l&rsquo;\u00e9tranger, qui ont effectu\u00e9 un an de b\u00e9n\u00e9volat actif et continu au sein de l&rsquo;organisation, peuvent pr\u00e9senter une demande pour devenir Membres de Bambini nel Deserto. La qualit\u00e9 de Membre implique le versement de la cotisation annuelle.<\/p>\r\n<\/div>\r\n<\/div>\r\n\r\n<div class=\"row mx-5 d-flex align-items-start mt-2 pt-2\" data-aos=\"fade-up\">\r\n<div class=\"col-12 col-lg-10\">\r\n<span class=\"text-secondary\">03<\/span>\r\n<h2 class=\"mb-2\">Quelles sont les exigences pour devenir b\u00e9n\u00e9vole de Bambini nel Deserto ?<\/h2>\r\n<p>Collaborer avec Bambini nel Deserto ne n\u00e9cessite pas de comp\u00e9tences sp\u00e9cifiques : chacun peut rendre un service utile en mettant \u00e0 disposition de l&rsquo;organisation ses aptitudes et ses connaissances. Bambini nel Deserto exige que quiconque collabore connaisse les Statuts de l&rsquo;organisation. Peu importe le temps que vous pouvez mettre \u00e0 disposition, principalement pour des activit\u00e9s sur votre territoire de r\u00e9sidence : ce qui importe, c&rsquo;est que l&rsquo;engagement pris ne soit pas ensuite d\u00e9savou\u00e9. Bambini nel Deserto op\u00e8re principalement dans des pays francophones : pour participer \u00e0 des exp\u00e9ditions et des missions, il est donc conseill\u00e9 de conna\u00eetre la langue en usage.<\/p>\r\n<\/div>\r\n<\/div>\r\n\r\n<div class=\"row mx-5 d-flex align-items-start mt-2 pt-2\" data-aos=\"fade-up\">\r\n<div class=\"col-12 col-lg-10\">\r\n<span class=\"text-secondary\">04<\/span>\r\n<h2 class=\"mb-2\">Comment sont d\u00e9pens\u00e9s les fonds collect\u00e9s \u00e0 travers l&rsquo;appel de Bambini nel Deserto ?<\/h2>\r\n<p>L&rsquo;attribution aux diff\u00e9rents projets des fonds collect\u00e9s est planifi\u00e9e dans le Budget pr\u00e9visionnel qui est approuv\u00e9 chaque ann\u00e9e par l&rsquo;Assembl\u00e9e des Membres. Les choix de r\u00e9partition rel\u00e8vent du Bureau des Projets qui estime le niveau de priorit\u00e9 de chaque proposition de projet pr\u00e9sent\u00e9e aux diff\u00e9rents responsables de secteur. \u00c0 la base des d\u00e9cisions d&rsquo;attribution se trouve le principe selon lequel pas moins de 75% des d\u00e9penses doivent \u00eatre destin\u00e9es \u00e0 la r\u00e9alisation des projets et un maximum de 25% r\u00e9serv\u00e9 aux frais de gestion. \u00c0 ce jour, Bambini nel Deserto s&rsquo;est toujours largement tenu en de\u00e7\u00e0 de ce seuil de 25% attribu\u00e9 aux co\u00fbts de gestion.<\/p>\r\n<\/div>\r\n<\/div>\r\n\r\n<div class=\"row mx-5 d-flex align-items-start mt-2 pt-2\" data-aos=\"fade-up\">\r\n<div class=\"col-12 col-lg-10\">\r\n<span class=\"text-secondary\">05<\/span>\r\n<h2 class=\"mb-2\">Comment puis-je faire un don ?<\/h2>\r\n<p>Vous pouvez utiliser les boutons <strong>FAIRE UN DON<\/strong> pr\u00e9sents sur le site pour effectuer un don g\u00e9n\u00e9ral ou pour un projet sp\u00e9cifique via :<\/p>\r\n<ul>\r\n<li>votre carte Visa, Mastercard, American Express, Discover, Diners Club ou China UnionPay ;<\/li>\r\n<li>votre compte PayPal ;<\/li>\r\n<li>votre smartphone avec Apple Pay, Google Pay ou TWINT ;<\/li>\r\n<li>l&rsquo;un des circuits suivants : Cartes Bancaires (France), Bancontact (Belgique), EPS (Autriche), Giropay (Allemagne), Blik, Przelewy24 (Pologne), Swish (Su\u00e8de), Pr\u00e9l\u00e8vement automatique SEPA (UE), Klarna (UE et USA), AliPay, WeChat Pay (Chine) ;<\/li>\r\n<\/ul>\r\n<p>Alternativement, au bas de chaque page du site, vous trouverez l&rsquo;indication du code IBAN de notre organisation.<\/p>\r\n<\/div>\r\n<\/div>\r\n\r\n<div class=\"row mx-5 d-flex align-items-start mt-2 pt-2\" data-aos=\"fade-up\">\r\n<div class=\"col-12 col-lg-10\">\r\n<span class=\"text-secondary\">06<\/span>\r\n<h2 class=\"mb-2\">Puis-je sp\u00e9cifier \u00e0 quel projet ou campagne je souhaite que mon don soit destin\u00e9 ?<\/h2>\r\n<p>En effectuant le don depuis la page du projet sp\u00e9cifique, le don sera imm\u00e9diatement destin\u00e9 au projet s\u00e9lectionn\u00e9.<br\/>En effectuant un don par virement bancaire, veuillez indiquer dans le motif le nom du projet destinataire.<\/p>\r\n<\/div>\r\n<\/div>\r\n\r\n<div class=\"row mx-5 d-flex align-items-start mt-2 pt-2\" data-aos=\"fade-up\">\r\n<div class=\"col-12 col-lg-10\">\r\n<span class=\"text-secondary\">07<\/span>\r\n<h2 class=\"mb-2\">Est-il possible d&rsquo;avoir une confirmation du don ?<\/h2>\r\n<p>En faisant un don depuis le site, une fois le don re\u00e7u, Bambini nel Deserto \u00e9mettra un re\u00e7u pour le don qui vous sera envoy\u00e9 par email.<\/p>\r\n<\/div>\r\n<\/div>\r\n\r\n<div class=\"row mx-5 d-flex align-items-start mt-2 pt-2\" data-aos=\"fade-up\">\r\n<div class=\"col-12 col-lg-10\">\r\n<span class=\"text-secondary\">08<\/span>\r\n<h2 class=\"mb-2\">Comment puis-je avoir la certitude que le projet que j&rsquo;ai contribu\u00e9 \u00e0 financer a \u00e9t\u00e9 r\u00e9alis\u00e9 ?<\/h2>\r\n<p>Nous documentons l&rsquo;\u00e9tat d&rsquo;avancement de nos projets \u00e0 travers tous nos canaux de communication, ainsi que dans la fiche de projet pr\u00e9sente sur ce site.<br\/>De plus, quiconque peut demander \u00e0 participer \u00e0 une exp\u00e9dition de Bambini nel Deserto : les demandes seront \u00e9valu\u00e9es en fonction du calendrier des missions en partance, des conditions logistiques de chaque exp\u00e9dition et surtout de la s\u00e9curit\u00e9 des destinations \u00e0 ce moment pr\u00e9cis.<br\/>Les frais de voyage sont \u00e0 la charge des participants.<\/p>\r\n<\/div>\r\n<\/div>\r\n\r\n<div class=\"row mx-5 d-flex align-items-start mt-2 pt-2\" data-aos=\"fade-up\">\r\n<div class=\"col-12 col-lg-10\">\r\n<span class=\"text-secondary\">09<\/span>\r\n<h2 class=\"mb-2\">Puis-je donner des v\u00eatements, des savons ou des biens non p\u00e9rissables ?<\/h2>\r\n<p>Le don de biens et de mat\u00e9riels est bien accueilli lorsque des campagnes de collecte sp\u00e9cifiques sont lanc\u00e9es : cela se produit g\u00e9n\u00e9ralement avant le d\u00e9part d&rsquo;exp\u00e9ditions avec des moyens terrestres ou des conteneurs. Les appels \u00e0 la collecte sont publi\u00e9s sur tous nos canaux web et sociaux.<br\/>Pour tout autre don de biens et de mat\u00e9riels, il est conseill\u00e9 de <a class=\"link-fancy\" href=\"https:\/\/ch.bnd.ngo\/fr\/contacts\/\" title=\"contactez-nous\">contacter<\/a> pr\u00e9alablement le si\u00e8ge op\u00e9rationnel de Grono.<\/p>\r\n<\/div>\r\n<\/div>\r\n\r\n<div class=\"row mx-5 d-flex align-items-start mt-2 pt-2\" data-aos=\"fade-up\">\r\n<div class=\"col-12 col-lg-10\">\r\n<span class=\"text-secondary\">10<\/span>\r\n<h2 class=\"mb-2\">De quelle autre mani\u00e8re puis-je \u00eatre utile ?<\/h2>\r\n<p>La premi\u00e8re \u00e9tape consiste \u00e0 contribuer \u00e0 faire conna\u00eetre Bambini nel Deserto et son action, par exemple en s&rsquo;inscrivant \u00e0 la newsletter et en contribuant \u00e0 la diffuser, ou en suivant et en partageant les contenus publi\u00e9s sur ce site et sur nos canaux sociaux.<br\/>Si vous voulez conna\u00eetre de pr\u00e8s la r\u00e9alit\u00e9 de Bambini nel Deserto, cherchez le bureau le plus proche de vous sur la page <a class=\"link-fancy\" href=\"https:\/\/ch.bnd.ngo\/fr\/contacts\/\" title=\"contactez-nous\">contacts<\/a>.<\/p>\r\n<\/div>\r\n<\/div>\r\n\r\n<div class=\"row mx-5 d-flex align-items-start mt-2 pt-2\" data-aos=\"fade-up\">\r\n<div class=\"col-12 col-lg-10\">\r\n<span class=\"text-secondary\">11<\/span>\r\n<h2 class=\"mb-2\">Puis-je partir avec Bambini nel Deserto pour une courte mission ?<\/h2>\r\n<p>Bambini nel Deserto organise p\u00e9riodiquement des exp\u00e9ditions dont les caract\u00e9ristiques, \u00e0 partir du pays d&rsquo;intervention, permettent d&rsquo;accueillir dans le groupe des voyageurs \u00e9galement des personnes \u00ab\u00a0externes\u00a0\u00bb &#8211; en plus des Membres, des B\u00e9n\u00e9voles actifs et des Partenaires qui ont de toute fa\u00e7on la priorit\u00e9.<br\/>Les \u00e9ventuels participants suppl\u00e9mentaires seront toutefois s\u00e9lectionn\u00e9s avant le d\u00e9part par les responsables de chaque mission. Les places disponibles seront annonc\u00e9es \u00e0 travers nos canaux web et sociaux.<\/p>\r\n<\/div>\r\n<\/div>\r\n\r\n<div class=\"row mx-5 d-flex align-items-start mt-2 pt-2\" data-aos=\"fade-up\">\r\n<div class=\"col-12 col-lg-10\">\r\n<span class=\"text-secondary\">12<\/span>\r\n<h2 class=\"mb-2\">Comment puis-je travailler avec vous ?<\/h2>\r\n<p>Actuellement, tous les postes r\u00e9mun\u00e9r\u00e9s au sein de notre organisation, tant en Suisse que dans les pays b\u00e9n\u00e9ficiaires, sont pourvus. Lorsque des opportunit\u00e9s de travail se pr\u00e9sentent dans le cadre de projets sp\u00e9cifiques, elles sont d\u00fbment signal\u00e9es \u00e0 travers nos canaux web et sociaux.<br\/>Bambini nel Deserto est constitu\u00e9e principalement de personnel b\u00e9n\u00e9vole : pour cette raison, il n&rsquo;est pas possible d&rsquo;assurer une r\u00e9ponse aux \u00e9ventuelles candidatures spontan\u00e9es qui pourraient parvenir \u00e0 l&rsquo;attention du si\u00e8ge central ou des bureaux dans le monde.<\/p>\r\n<\/div>\r\n<\/div>\r\n\r\n<\/div>\r\n<\/div>\n","protected":false},"excerpt":{"rendered":"<p>Version 1.0.5, Ao\u00fbt 2024 Bienvenue dans notre section Foire Aux Questions ! Nous sommes heureux de vous accueillir au c\u0153ur des informations les plus demand\u00e9es concernant notre organisation. Vous trouverez ici des r\u00e9ponses aux questions courantes qui pourraient surgir concernant notre mission, nos projets, les modalit\u00e9s de participation et bien plus encore.Nous travaillons constamment pour [&hellip;]<\/p>\n","protected":false},"author":1,"featured_media":2905,"parent":0,"menu_order":0,"comment_status":"closed","ping_status":"closed","template":"","meta":{"footnotes":""},"class_list":["post-4725","page","type-page","status-publish","has-post-thumbnail","hentry"],"_links":{"self":[{"href":"https:\/\/ch.bnd.ngo\/fr\/wp-json\/wp\/v2\/pages\/4725","targetHints":{"allow":["GET"]}}],"collection":[{"href":"https:\/\/ch.bnd.ngo\/fr\/wp-json\/wp\/v2\/pages"}],"about":[{"href":"https:\/\/ch.bnd.ngo\/fr\/wp-json\/wp\/v2\/types\/page"}],"author":[{"embeddable":true,"href":"https:\/\/ch.bnd.ngo\/fr\/wp-json\/wp\/v2\/users\/1"}],"replies":[{"embeddable":true,"href":"https:\/\/ch.bnd.ngo\/fr\/wp-json\/wp\/v2\/comments?post=4725"}],"version-history":[{"count":0,"href":"https:\/\/ch.bnd.ngo\/fr\/wp-json\/wp\/v2\/pages\/4725\/revisions"}],"wp:featuredmedia":[{"embeddable":true,"href":"https:\/\/ch.bnd.ngo\/fr\/wp-json\/"}],"wp:attachment":[{"href":"https:\/\/ch.bnd.ngo\/fr\/wp-json\/wp\/v2\/media?parent=4725"}],"curies":[{"name":"wp","href":"https:\/\/api.w.org\/{rel}","templated":true}]}}