{"id":4826,"date":"2024-04-11T08:36:52","date_gmt":"2024-04-11T06:36:52","guid":{"rendered":"https:\/\/bnd.ngo\/trasparence\/"},"modified":"2024-07-14T19:41:53","modified_gmt":"2024-07-14T17:41:53","slug":"trasparence","status":"publish","type":"page","link":"https:\/\/ch.bnd.ngo\/fr\/trasparence\/","title":{"rendered":"Transparence"},"content":{"rendered":"\n<p>Suivant l&rsquo;exemple de l&rsquo;ONG dont nous sommes issus, nous nous engageons \u00e0 maintenir et d\u00e9passer des normes rigoureuses de transparence financi\u00e8re et de responsabilit\u00e9 organisationnelle ; l&rsquo;objectif a toujours \u00e9t\u00e9 de consacrer au moins 75% des d\u00e9penses \u00e0 la r\u00e9alisation des projets, en limitant les frais de gestion \u00e0 25%.<br\/> Nous sommes fiers de pouvoir affirmer que jusqu&rsquo;\u00e0 pr\u00e9sent, nous avons d\u00e9pass\u00e9 cet objectif en consacrant jusqu&rsquo;\u00e0 82% des d\u00e9penses aux projets et en limitant les frais de gestion \u00e0 18% ; ce r\u00e9sultat nous distingue parmi les organisations humanitaires, faisant de nous l&rsquo;une des rares entit\u00e9s \u00e0 pouvoir se vanter d&rsquo;un tel niveau d&rsquo;excellence financi\u00e8re.<\/p><br\/><figure class=\"wp-block-image aligncenter size-large my-4\"><img decoding=\"async\" class=\"wp-image-1389\" src=\"https:\/\/bnd.ngo\/wp-content\/uploads\/2024\/05\/82_18-1-1024x199.png\" alt=\"\"\/><\/figure><br\/><br\/><div class=\"row my-5\"><div class=\"col-md-6\"><h2 class=\"wp-block-heading\">Certification et accessibilit\u00e9 de notre bilan<\/h2><p>Notre engagement envers la transparence va bien au-del\u00e0 de la simple gestion interne des ressources ; le bilan annuel d&rsquo;Enfants dans le D\u00e9sert est certifi\u00e9 par un commissaire aux comptes externe \u00e0 l&rsquo;organisation, assurant que chaque chiffre refl\u00e8te notre honn\u00eatet\u00e9 et notre int\u00e9grit\u00e9 op\u00e9rationnelle.<\/p>  <p>De plus, notre bilan sera public, accessible et <a href=\"\/documents\">t\u00e9l\u00e9chargeable<\/a> car nous croyons fermement que la transparence est l&rsquo;un des biens les plus pr\u00e9cieux pour garantir la confiance de nos soutiens dans le temps.<\/p><h2 class=\"wp-block-heading\">Les piliers de notre succ\u00e8s<\/h2> <p>L&rsquo;atteinte de tels r\u00e9sultats est rendue possible gr\u00e2ce \u00e0 plusieurs facteurs cl\u00e9s :<\/p>  <ol> <li><strong>Gestion efficace<\/strong> : nous visons constamment l&rsquo;efficacit\u00e9 op\u00e9rationnelle, assurant que les ressources sont utilis\u00e9es de mani\u00e8re optimale ;<\/li>  <li><strong>Soutien b\u00e9n\u00e9vole<\/strong> : le soutien inestimable de nos membres et b\u00e9n\u00e9voles r\u00e9duit les co\u00fbts op\u00e9rationnels et administratifs, nous permettant de concentrer davantage de ressources sur les projets sur le terrain ;<\/li>  <li><strong>Partenariats strat\u00e9giques<\/strong> : nous collaborons \u00e9troitement avec des partenaires locaux et internationaux qui partagent notre vision, optimisant les comp\u00e9tences et amplifiant l&rsquo;impact de nos interventions ;<\/li>  <li><strong>Technologie avanc\u00e9e<\/strong> : nous utilisons \u00ab\u00a0The Tree\u00a0\u00bb, un logiciel de gestion cr\u00e9\u00e9 par nous selon nos besoins sp\u00e9cifiques ;<\/li><li><strong>Innovation dans la collecte de fonds<\/strong> : nous concevons nos initiatives de collecte de fonds avec la plus grande attention et comp\u00e9tence pour maximiser le rendement en r\u00e9duisant les co\u00fbts, en exploitant des technologies innovantes et en lan\u00e7ant des campagnes cr\u00e9atives.<\/li> <\/ol> <\/div> <div class=\"col-md-6 px-md-4\"> <h2>Avantages fiscaux pour les donateurs<\/h2> <p>Enfants dans le D\u00e9sert est une Association \/ Organisation \u00e0 but caritatif, avec si\u00e8ge stable en Suisse et exon\u00e9r\u00e9e d&rsquo;imp\u00f4ts.<\/p><p>Nous nous pr\u00e9parons \u00e0 demander le <a rel=\"nofollow noopener\" target=\"_blank\" href=\"https:\/\/zewo.ch\/de\/npo-suche\/\" title=\"d\u00e9couvrez Zewo (s'ouvre dans une nouvelle fen\u00eatre, en langue allemande)\">label de qualit\u00e9 Zewo<\/a>, mais cela ne peut nous \u00eatre d\u00e9livr\u00e9 qu&rsquo;apr\u00e8s les deux premi\u00e8res ann\u00e9es d&rsquo;activit\u00e9.<\/p><p>En termes de d\u00e9duction, il est possible de consid\u00e9rer les dons faits \u00e0 Enfants dans le D\u00e9sert aussi bien pour l&rsquo;<strong>imp\u00f4t cantonal<\/strong> que pour l&rsquo;<strong>imp\u00f4t f\u00e9d\u00e9ral<\/strong>, sur la base du moment du paiement.<\/p>\n<h3>D\u00e9ductibilit\u00e9 aux fins de l&rsquo;imp\u00f4t cantonal<\/h3>\n<p>La d\u00e9ductibilit\u00e9 des dons au niveau cantonal varie d&rsquo;un canton \u00e0 l&rsquo;autre. Dans de nombreux cantons, les montants minimums et maximums sont similaires \u00e0 ceux de l&rsquo;imp\u00f4t f\u00e9d\u00e9ral.<\/p><p><\/p><p>Un aper\u00e7u des modalit\u00e9s de r\u00e9glementation des diff\u00e9rents cantons est disponible, par exemple, sur le <a rel=\"nofollow noopener\" target=\"_blank\" href=\"https:\/\/zewo.ch\/de\/spenden-von-der-steuer-abziehen\/#3\" title=\"allez sur le site web de Zewo (s'ouvre dans une nouvelle fen\u00eatre, en langue allemande)\">site web de Zewo<\/a>.<\/p>\n<h3>D\u00e9ductibilit\u00e9 aux fins de l&rsquo;imp\u00f4t f\u00e9d\u00e9ral<\/h3>\n<p>Pour les imp\u00f4ts f\u00e9d\u00e9raux, un montant minimum et maximum est pr\u00e9vu.<br\/>D&rsquo;une part, on ne peut demander que des dons pour un total d&rsquo;au moins 100 francs suisses dans une ann\u00e9e fiscale.<br\/>D&rsquo;autre part, la d\u00e9ductibilit\u00e9 est limit\u00e9e aux dons jusqu&rsquo;\u00e0 20% du revenu net.<\/p>\n<p>Les personnes morales peuvent \u00e9galement b\u00e9n\u00e9ficier d&rsquo;une d\u00e9duction, limit\u00e9e \u00e0 20% du b\u00e9n\u00e9fice net.<\/p>\n<\/div> <\/div> <p class=\"bg-dark bg-gradient text-white p-4 my-4\">Enfants dans le D\u00e9sert est plus qu&rsquo;une simple organisation humanitaire : c&rsquo;est un exemple de comment la passion et le d\u00e9vouement peuvent se transformer en actions concr\u00e8tes qui am\u00e9liorent la vie de milliers de personnes chaque ann\u00e9e. Nous continuerons \u00e0 travailler avec transparence et int\u00e9grit\u00e9, en assurant que chaque don contribue r\u00e9ellement \u00e0 construire un monde meilleur.<\/p>\n","protected":false},"excerpt":{"rendered":"<p>Suivant l&rsquo;exemple de l&rsquo;ONG dont nous sommes issus, nous nous engageons \u00e0 maintenir et d\u00e9passer des normes rigoureuses de transparence financi\u00e8re et de responsabilit\u00e9 organisationnelle ; l&rsquo;objectif a toujours \u00e9t\u00e9 de consacrer au moins 75% des d\u00e9penses \u00e0 la r\u00e9alisation des projets, en limitant les frais de gestion \u00e0 25%. Nous sommes fiers de pouvoir [&hellip;]<\/p>\n","protected":false},"author":1,"featured_media":2443,"parent":0,"menu_order":0,"comment_status":"closed","ping_status":"closed","template":"","meta":{"footnotes":"[{\"id\":\"47a0e178-c719-4f62-a197-a68dbf61e844\",\"content\":\"Ulteriori informazioni al sito ufficiale di <a href=\\\"https:\\\/\\\/thetree.site\\\/\\\">TheTree<\\\/a>\"}]"},"class_list":["post-4826","page","type-page","status-publish","has-post-thumbnail","hentry"],"_links":{"self":[{"href":"https:\/\/ch.bnd.ngo\/fr\/wp-json\/wp\/v2\/pages\/4826","targetHints":{"allow":["GET"]}}],"collection":[{"href":"https:\/\/ch.bnd.ngo\/fr\/wp-json\/wp\/v2\/pages"}],"about":[{"href":"https:\/\/ch.bnd.ngo\/fr\/wp-json\/wp\/v2\/types\/page"}],"author":[{"embeddable":true,"href":"https:\/\/ch.bnd.ngo\/fr\/wp-json\/wp\/v2\/users\/1"}],"replies":[{"embeddable":true,"href":"https:\/\/ch.bnd.ngo\/fr\/wp-json\/wp\/v2\/comments?post=4826"}],"version-history":[{"count":0,"href":"https:\/\/ch.bnd.ngo\/fr\/wp-json\/wp\/v2\/pages\/4826\/revisions"}],"wp:featuredmedia":[{"embeddable":true,"href":"https:\/\/ch.bnd.ngo\/fr\/wp-json\/"}],"wp:attachment":[{"href":"https:\/\/ch.bnd.ngo\/fr\/wp-json\/wp\/v2\/media?parent=4826"}],"curies":[{"name":"wp","href":"https:\/\/api.w.org\/{rel}","templated":true}]}}