{"id":5637,"date":"2024-04-08T13:55:36","date_gmt":"2024-04-08T11:55:36","guid":{"rendered":"https:\/\/ch.bnd.ngo\/home-2\/"},"modified":"2024-07-14T17:57:44","modified_gmt":"2024-07-14T15:57:44","slug":"home-2","status":"publish","type":"page","link":"https:\/\/ch.bnd.ngo\/fr\/","title":{"rendered":"Home"},"content":{"rendered":"\n<p>D\u00e9couvrez BnD, une organisation \u00e0 but non lucratif engag\u00e9e dans la cr\u00e9ation d&rsquo;un monde meilleur gr\u00e2ce \u00e0 des initiatives durables et \u00e0 l&rsquo;innovation sociale. Rejoignez-nous pour faire une diff\u00e9rence d\u00e8s aujourd&rsquo;hui !<\/p>\n","protected":false},"excerpt":{"rendered":"<p>D\u00e9couvrez BnD, une organisation \u00e0 but non lucratif engag\u00e9e dans la cr\u00e9ation d&rsquo;un monde meilleur gr\u00e2ce \u00e0 des initiatives durables et \u00e0 l&rsquo;innovation sociale. Rejoignez-nous pour faire une diff\u00e9rence d\u00e8s aujourd&rsquo;hui !<\/p>\n","protected":false},"author":1,"featured_media":0,"parent":0,"menu_order":0,"comment_status":"closed","ping_status":"closed","template":"","meta":{"footnotes":""},"class_list":["post-5637","page","type-page","status-publish","hentry"],"_links":{"self":[{"href":"https:\/\/ch.bnd.ngo\/fr\/wp-json\/wp\/v2\/pages\/5637","targetHints":{"allow":["GET"]}}],"collection":[{"href":"https:\/\/ch.bnd.ngo\/fr\/wp-json\/wp\/v2\/pages"}],"about":[{"href":"https:\/\/ch.bnd.ngo\/fr\/wp-json\/wp\/v2\/types\/page"}],"author":[{"embeddable":true,"href":"https:\/\/ch.bnd.ngo\/fr\/wp-json\/wp\/v2\/users\/1"}],"replies":[{"embeddable":true,"href":"https:\/\/ch.bnd.ngo\/fr\/wp-json\/wp\/v2\/comments?post=5637"}],"version-history":[{"count":0,"href":"https:\/\/ch.bnd.ngo\/fr\/wp-json\/wp\/v2\/pages\/5637\/revisions"}],"wp:attachment":[{"href":"https:\/\/ch.bnd.ngo\/fr\/wp-json\/wp\/v2\/media?parent=5637"}],"curies":[{"name":"wp","href":"https:\/\/api.w.org\/{rel}","templated":true}]}}