{"id":5647,"date":"2024-06-06T14:58:22","date_gmt":"2024-06-06T12:58:22","guid":{"rendered":"https:\/\/ch.bnd.ngo\/expedition\/"},"modified":"2024-07-14T18:23:53","modified_gmt":"2024-07-14T16:23:53","slug":"expedition","status":"publish","type":"page","link":"https:\/\/ch.bnd.ngo\/fr\/expedition\/","title":{"rendered":"Exp\u00e9dition"},"content":{"rendered":"\n<p>Nos exp\u00e9ditions atteignent des communaut\u00e9s dans le besoin partout dans le monde, offrant un soutien m\u00e9dical, une \u00e9ducation, de la nourriture et des ressources essentielles pour am\u00e9liorer la vie de milliers de personnes.<\/p>\n","protected":false},"excerpt":{"rendered":"<p>Nos exp\u00e9ditions atteignent des communaut\u00e9s dans le besoin partout dans le monde, offrant un soutien m\u00e9dical, une \u00e9ducation, de la nourriture et des ressources essentielles pour am\u00e9liorer la vie de milliers de personnes.<\/p>\n","protected":false},"author":1,"featured_media":0,"parent":0,"menu_order":0,"comment_status":"closed","ping_status":"closed","template":"page_spedizioni.php","meta":{"footnotes":""},"class_list":["post-5647","page","type-page","status-publish","hentry"],"_links":{"self":[{"href":"https:\/\/ch.bnd.ngo\/fr\/wp-json\/wp\/v2\/pages\/5647","targetHints":{"allow":["GET"]}}],"collection":[{"href":"https:\/\/ch.bnd.ngo\/fr\/wp-json\/wp\/v2\/pages"}],"about":[{"href":"https:\/\/ch.bnd.ngo\/fr\/wp-json\/wp\/v2\/types\/page"}],"author":[{"embeddable":true,"href":"https:\/\/ch.bnd.ngo\/fr\/wp-json\/wp\/v2\/users\/1"}],"replies":[{"embeddable":true,"href":"https:\/\/ch.bnd.ngo\/fr\/wp-json\/wp\/v2\/comments?post=5647"}],"version-history":[{"count":0,"href":"https:\/\/ch.bnd.ngo\/fr\/wp-json\/wp\/v2\/pages\/5647\/revisions"}],"wp:attachment":[{"href":"https:\/\/ch.bnd.ngo\/fr\/wp-json\/wp\/v2\/media?parent=5647"}],"curies":[{"name":"wp","href":"https:\/\/api.w.org\/{rel}","templated":true}]}}